{"id":40,"date":"2015-07-15T09:28:50","date_gmt":"2015-07-15T09:28:50","guid":{"rendered":"http:\/\/tracesglobal.com\/?page_id=40"},"modified":"2015-07-21T08:39:44","modified_gmt":"2015-07-21T08:39:44","slug":"mission","status":"publish","type":"page","link":"https:\/\/tracesglobal.com\/?page_id=40","title":{"rendered":"Mission"},"content":{"rendered":"<p>La mission di TRACES \u00e8 quella di sviluppare e rendere pronte per la commercializzazione soluzioni tecnologiche e di processo eco-compatibili che offrano una maggiore produttivit\u00e0, alta affidabilit\u00e0 e risparmio significativo contribuendo alla sostenibilit\u00e0 e alla conservazione delle risorse naturali mondiali.<br \/>\nLa nostra visione \u00e8 quella di sviluppare e commercializzare soluzioni chiave nel settore della tecnologia che abbiano un impatto rivoluzionario sul mercato e sulla societ\u00e0.<\/p>\n","protected":false},"excerpt":{"rendered":"<p>La mission di TRACES \u00e8 quella di sviluppare e rendere pronte per la commercializzazione soluzioni tecnologiche e di processo eco-compatibili che offrano una maggiore produttivit\u00e0, alta affidabilit\u00e0 e risparmio significativo <a href=\"https:\/\/tracesglobal.com\/?page_id=40\" class=\"more-link\">[&hellip;]<\/a><\/p>\n","protected":false},"author":1,"featured_media":0,"parent":0,"menu_order":0,"comment_status":"closed","ping_status":"closed","template":"","meta":{"Layout":""},"_links":{"self":[{"href":"https:\/\/tracesglobal.com\/index.php?rest_route=\/wp\/v2\/pages\/40"}],"collection":[{"href":"https:\/\/tracesglobal.com\/index.php?rest_route=\/wp\/v2\/pages"}],"about":[{"href":"https:\/\/tracesglobal.com\/index.php?rest_route=\/wp\/v2\/types\/page"}],"author":[{"embeddable":true,"href":"https:\/\/tracesglobal.com\/index.php?rest_route=\/wp\/v2\/users\/1"}],"replies":[{"embeddable":true,"href":"https:\/\/tracesglobal.com\/index.php?rest_route=%2Fwp%2Fv2%2Fcomments&post=40"}],"version-history":[{"count":3,"href":"https:\/\/tracesglobal.com\/index.php?rest_route=\/wp\/v2\/pages\/40\/revisions"}],"predecessor-version":[{"id":84,"href":"https:\/\/tracesglobal.com\/index.php?rest_route=\/wp\/v2\/pages\/40\/revisions\/84"}],"wp:attachment":[{"href":"https:\/\/tracesglobal.com\/index.php?rest_route=%2Fwp%2Fv2%2Fmedia&parent=40"}],"curies":[{"name":"wp","href":"https:\/\/api.w.org\/{rel}","templated":true}]}}